{"id":533,"date":"2026-04-27T19:42:30","date_gmt":"2026-04-27T17:42:30","guid":{"rendered":"https:\/\/cape-ong.org\/?page_id=533"},"modified":"2026-04-28T15:38:23","modified_gmt":"2026-04-28T13:38:23","slug":"evenements","status":"publish","type":"page","link":"https:\/\/cape-ong.org\/index.php\/evenements\/","title":{"rendered":"\u00c9v\u00e8nements"},"content":{"rendered":"\t\t<div data-elementor-type=\"wp-page\" data-elementor-id=\"533\" class=\"elementor elementor-533\">\n\t\t\t\t<div class=\"elementor-element elementor-element-6395d03c e-flex e-con-boxed e-con e-parent\" data-id=\"6395d03c\" data-element_type=\"container\" id=\"xs_blog_post_meta_info_btn\" data-settings=\"{&quot;background_background&quot;:&quot;classic&quot;}\">\n\t\t\t\t\t<div class=\"e-con-inner\">\n\t\t\t\t<div class=\"elementor-element elementor-element-6c5089b2 elementor-widget elementor-widget-elementskit-heading\" data-id=\"6c5089b2\" data-element_type=\"widget\" data-widget_type=\"elementskit-heading.default\">\n\t\t\t\t<div class=\"elementor-widget-container\">\n\t\t\t\t\t<div class=\"ekit-wid-con\" ><div class=\"ekit-heading elementskit-section-title-wraper center   ekit_heading_tablet-   ekit_heading_mobile-\"><h2 class=\"ekit-heading--title elementskit-section-title \">Nos \u00e9v\u00e8nements<\/h2><div class=\"ekit_heading_separetor_wraper ekit_heading_elementskit-border-divider ekit-dotted\"><div class=\"elementskit-border-divider ekit-dotted\"><\/div><\/div>\t\t\t\t<div class='ekit-heading__description'>\n\t\t\t\t\t<p>Toute notre actualit\u00e9, actions et autres \u00e9v\u00e9nements<\/p>\n\t\t\t\t<\/div>\n\t\t\t<\/div><\/div>\t\t\t\t<\/div>\n\t\t\t\t<\/div>\n\t\t\t\t<div class=\"elementor-element elementor-element-6fd9b98b elementor-widget elementor-widget-elementskit-blog-posts\" data-id=\"6fd9b98b\" data-element_type=\"widget\" data-widget_type=\"elementskit-blog-posts.default\">\n\t\t\t\t<div class=\"elementor-widget-container\">\n\t\t\t\t\t<div class=\"ekit-wid-con\" >        <div id=\"post-items--6fd9b98b\" class=\"row post-items\">\n                    <div class=\"col-lg-4 col-md-6\">\n\n                                    <div class=\"elementskit-post-image-card\">\n                        <div class=\"elementskit-entry-header\">\n                                                            <a href=\"https:\/\/cape-ong.org\/index.php\/2025\/02\/28\/hola-lorem-ipsum\/\" class=\"elementskit-entry-thumb\">\n                                    <img decoding=\"async\" src=\"https:\/\/cape-ong.org\/wp-content\/uploads\/2025\/02\/photo_2025-02-28-21.26.32-1024x683.jpeg\" alt=\"Hola Lorem Ipsum\">\n                                <\/a><!-- .elementskit-entry-thumb END -->\n                                                            \n                            \n\t\t\t\t\t\t\t\t\t\t\t\t\t<\/div><!-- .elementskit-entry-header END -->\n\n\t\t\t\t\t\t<div class=\"elementskit-post-body \">\n\t\t\t\t\t\t\t\t\t\t\t\t\t\t\t\t\t\t\t\t<h2 class=\"entry-title\">\n\t\t\t\t\t<a href=\"https:\/\/cape-ong.org\/index.php\/2025\/02\/28\/hola-lorem-ipsum\/\">\n\t\t\t\t\t\tHola Lorem Ipsum\t\t\t\t\t<\/a>\n\t\t\t\t<\/h2>\n\t\t\t\t\t\t\t\t\t\t\t\n\t\t\t\t\t\t\t\t\t\t\t\t\t\t\t\t\t\t\t\t\t\t\t\t\t\t\t\t<div class=\"post-meta-list\">\n\t\t\t\t\t\t\t\t\t\t\t\t\t\t\t\t\t\t\t\t\t\t\t\t<span class=\"meta-author\">\n\t\t\t\t\t\t\t\t\t\t\t\t\t\t\t\t\t\t\t\t\t<i aria-hidden=\"true\" class=\"icon icon-user\"><\/i>\t\t\t\t\t\t\t\t\t\t\t\t\t\t\t\t\t\t\t\t<a href=\"https:\/\/cape-ong.org\/index.php\/author\/admincape-ong\/\" class=\"author-name\">admin@cape-ong<\/a>\n\t\t\t\t\t\t\t\t\t<\/span>\n\t\t\t\t\t\t\t\t\t\t\t\t\t\t\t\t\t\t\t\t\t\t\t\t\t\t\t\t\t\t\t\t\t\t\t\t\t\t\t\t\t\t\t\t\t\t\t\t\t\t\t\t\t\t\t\t\t\t\t\t\t\t\t\t<span class=\"meta-date\">\n\t\t\t\t\t\t\t\t\t\t<i aria-hidden=\"true\" class=\"icon icon-calendar3\"><\/i>\t\t\t\t\t\t\t\t\t\t<span class=\"meta-date-text\">\n\t\t\t\t\t\t\t\t\t\t\t28 f\u00e9vrier 2025\t\t\t\t\t\t\t\t\t\t<\/span>\n\t\t\t\t\t\t\t\t\t<\/span>\n\t\t\t\t\t\t\t\t\t\t\t\t\t\t\t\t\t\t\t\t\t\t\t\t\t\t\t\t\t\t\t\t\t\t\t\t\t\t\t\t\t\t\t\t\t\t\t\t\t\t\t\t\t\t\t\t\t\t\t\t\t\t\t\t\t\t\t\t\t\t\t\t<span class=\"post-comment\">\n\t\t\t\t\t\t\t\t\t\t<i aria-hidden=\"true\" class=\"icon icon-comment\"><\/i>\t\t\t\t\t\t\t\t\t\t<a href=\"https:\/\/cape-ong.org\/index.php\/2025\/02\/28\/hola-lorem-ipsum\/#respond\">0<\/a>\n\t\t\t\t\t\t\t\t\t<\/span>\n\t\t\t\t\t\t\t\t\t\t\t\t\t\t\t\t\t\t\t\t\t<\/div>\n\t\t\t\t\t\t\t\t\t\t\t\t\t\n\t\t\t\t\t\t\t\t\n\t\t\t\t\t\t\t\t\t\t\t\t\t\t\t\t\t\t\t\t\t\t\t\t\t\t\t\t\t\t\t\t\t\t\t\t\t\t\t<p>What is Lorem Ipsum? Lorem Ipsum&nbsp;is simply dummy text of the printing and typesetting industry. Lorem Ipsum has been the industry&rsquo;s standard dummy text ever since the 1500s, when an unknown printer took a galley of type and scrambled it to make a type specimen book. It has survived not\u2026<\/p>\n\t\t\t\t\t\t\t\t\t\t\t\t\t\t\t\t\t\t\t\t\t\t                                                            <div class=\"btn-wraper\">\n                                    \n                                                                            <a class=\"elementskit-btn whitespace--normal\" id=\"\" href=\"https:\/\/cape-ong.org\/index.php\/2025\/02\/28\/hola-lorem-ipsum\/\">\n                                        \t                                            Lire plus                                        <\/a>\n                                                                    <\/div>\n                                                    <\/div><!-- .elementskit-post-body END -->\n                    <\/div>\n                \n            <\/div>\n                    <div class=\"col-lg-4 col-md-6\">\n\n                                    <div class=\"elementskit-post-image-card\">\n                        <div class=\"elementskit-entry-header\">\n                                                            <a href=\"https:\/\/cape-ong.org\/index.php\/2025\/02\/28\/hallo-lorem-ipsum\/\" class=\"elementskit-entry-thumb\">\n                                    <img decoding=\"async\" src=\"https:\/\/cape-ong.org\/wp-content\/uploads\/2025\/02\/photo_2025-02-28-21.26.43-1-1024x682.jpeg\" alt=\"Hallo Lorem Ipsum\">\n                                <\/a><!-- .elementskit-entry-thumb END -->\n                                                            \n                            \n\t\t\t\t\t\t\t\t\t\t\t\t\t<\/div><!-- .elementskit-entry-header END -->\n\n\t\t\t\t\t\t<div class=\"elementskit-post-body \">\n\t\t\t\t\t\t\t\t\t\t\t\t\t\t\t\t\t\t\t\t<h2 class=\"entry-title\">\n\t\t\t\t\t<a href=\"https:\/\/cape-ong.org\/index.php\/2025\/02\/28\/hallo-lorem-ipsum\/\">\n\t\t\t\t\t\tHallo Lorem Ipsum\t\t\t\t\t<\/a>\n\t\t\t\t<\/h2>\n\t\t\t\t\t\t\t\t\t\t\t\n\t\t\t\t\t\t\t\t\t\t\t\t\t\t\t\t\t\t\t\t\t\t\t\t\t\t\t\t<div class=\"post-meta-list\">\n\t\t\t\t\t\t\t\t\t\t\t\t\t\t\t\t\t\t\t\t\t\t\t\t<span class=\"meta-author\">\n\t\t\t\t\t\t\t\t\t\t\t\t\t\t\t\t\t\t\t\t\t<i aria-hidden=\"true\" class=\"icon icon-user\"><\/i>\t\t\t\t\t\t\t\t\t\t\t\t\t\t\t\t\t\t\t\t<a href=\"https:\/\/cape-ong.org\/index.php\/author\/admincape-ong\/\" class=\"author-name\">admin@cape-ong<\/a>\n\t\t\t\t\t\t\t\t\t<\/span>\n\t\t\t\t\t\t\t\t\t\t\t\t\t\t\t\t\t\t\t\t\t\t\t\t\t\t\t\t\t\t\t\t\t\t\t\t\t\t\t\t\t\t\t\t\t\t\t\t\t\t\t\t\t\t\t\t\t\t\t\t\t\t\t\t<span class=\"meta-date\">\n\t\t\t\t\t\t\t\t\t\t<i aria-hidden=\"true\" class=\"icon icon-calendar3\"><\/i>\t\t\t\t\t\t\t\t\t\t<span class=\"meta-date-text\">\n\t\t\t\t\t\t\t\t\t\t\t28 f\u00e9vrier 2025\t\t\t\t\t\t\t\t\t\t<\/span>\n\t\t\t\t\t\t\t\t\t<\/span>\n\t\t\t\t\t\t\t\t\t\t\t\t\t\t\t\t\t\t\t\t\t\t\t\t\t\t\t\t\t\t\t\t\t\t\t\t\t\t\t\t\t\t\t\t\t\t\t\t\t\t\t\t\t\t\t\t\t\t\t\t\t\t\t\t\t\t\t\t\t\t\t\t<span class=\"post-comment\">\n\t\t\t\t\t\t\t\t\t\t<i aria-hidden=\"true\" class=\"icon icon-comment\"><\/i>\t\t\t\t\t\t\t\t\t\t<a href=\"https:\/\/cape-ong.org\/index.php\/2025\/02\/28\/hallo-lorem-ipsum\/#respond\">0<\/a>\n\t\t\t\t\t\t\t\t\t<\/span>\n\t\t\t\t\t\t\t\t\t\t\t\t\t\t\t\t\t\t\t\t\t<\/div>\n\t\t\t\t\t\t\t\t\t\t\t\t\t\n\t\t\t\t\t\t\t\t\n\t\t\t\t\t\t\t\t\t\t\t\t\t\t\t\t\t\t\t\t\t\t\t\t\t\t\t\t\t\t\t\t\t\t\t\t\t\t\t<p>What is Lorem Ipsum? Lorem Ipsum&nbsp;is simply dummy text of the printing and typesetting industry. Lorem Ipsum has been the industry&rsquo;s standard dummy text ever since the 1500s, when an unknown printer took a galley of type and scrambled it to make a type specimen book. It has survived not\u2026<\/p>\n\t\t\t\t\t\t\t\t\t\t\t\t\t\t\t\t\t\t\t\t\t\t                                                            <div class=\"btn-wraper\">\n                                    \n                                                                            <a class=\"elementskit-btn whitespace--normal\" id=\"\" href=\"https:\/\/cape-ong.org\/index.php\/2025\/02\/28\/hallo-lorem-ipsum\/\">\n                                        \t                                            Lire plus                                        <\/a>\n                                                                    <\/div>\n                                                    <\/div><!-- .elementskit-post-body END -->\n                    <\/div>\n                \n            <\/div>\n                    <div class=\"col-lg-4 col-md-6\">\n\n                                    <div class=\"elementskit-post-image-card\">\n                        <div class=\"elementskit-entry-header\">\n                                                            <a href=\"https:\/\/cape-ong.org\/index.php\/2025\/02\/28\/hey-lorem-ipsum\/\" class=\"elementskit-entry-thumb\">\n                                    <img decoding=\"async\" src=\"https:\/\/cape-ong.org\/wp-content\/uploads\/2025\/02\/photo_2025-02-28-21.26.32-1024x683.jpeg\" alt=\"Hey Lorem Ipsum\">\n                                <\/a><!-- .elementskit-entry-thumb END -->\n                                                            \n                            \n\t\t\t\t\t\t\t\t\t\t\t\t\t<\/div><!-- .elementskit-entry-header END -->\n\n\t\t\t\t\t\t<div class=\"elementskit-post-body \">\n\t\t\t\t\t\t\t\t\t\t\t\t\t\t\t\t\t\t\t\t<h2 class=\"entry-title\">\n\t\t\t\t\t<a href=\"https:\/\/cape-ong.org\/index.php\/2025\/02\/28\/hey-lorem-ipsum\/\">\n\t\t\t\t\t\tHey Lorem Ipsum\t\t\t\t\t<\/a>\n\t\t\t\t<\/h2>\n\t\t\t\t\t\t\t\t\t\t\t\n\t\t\t\t\t\t\t\t\t\t\t\t\t\t\t\t\t\t\t\t\t\t\t\t\t\t\t\t<div class=\"post-meta-list\">\n\t\t\t\t\t\t\t\t\t\t\t\t\t\t\t\t\t\t\t\t\t\t\t\t<span class=\"meta-author\">\n\t\t\t\t\t\t\t\t\t\t\t\t\t\t\t\t\t\t\t\t\t<i aria-hidden=\"true\" class=\"icon icon-user\"><\/i>\t\t\t\t\t\t\t\t\t\t\t\t\t\t\t\t\t\t\t\t<a href=\"https:\/\/cape-ong.org\/index.php\/author\/admincape-ong\/\" class=\"author-name\">admin@cape-ong<\/a>\n\t\t\t\t\t\t\t\t\t<\/span>\n\t\t\t\t\t\t\t\t\t\t\t\t\t\t\t\t\t\t\t\t\t\t\t\t\t\t\t\t\t\t\t\t\t\t\t\t\t\t\t\t\t\t\t\t\t\t\t\t\t\t\t\t\t\t\t\t\t\t\t\t\t\t\t\t<span class=\"meta-date\">\n\t\t\t\t\t\t\t\t\t\t<i aria-hidden=\"true\" class=\"icon icon-calendar3\"><\/i>\t\t\t\t\t\t\t\t\t\t<span class=\"meta-date-text\">\n\t\t\t\t\t\t\t\t\t\t\t28 f\u00e9vrier 2025\t\t\t\t\t\t\t\t\t\t<\/span>\n\t\t\t\t\t\t\t\t\t<\/span>\n\t\t\t\t\t\t\t\t\t\t\t\t\t\t\t\t\t\t\t\t\t\t\t\t\t\t\t\t\t\t\t\t\t\t\t\t\t\t\t\t\t\t\t\t\t\t\t\t\t\t\t\t\t\t\t\t\t\t\t\t\t\t\t\t\t\t\t\t\t\t\t\t<span class=\"post-comment\">\n\t\t\t\t\t\t\t\t\t\t<i aria-hidden=\"true\" class=\"icon icon-comment\"><\/i>\t\t\t\t\t\t\t\t\t\t<a href=\"https:\/\/cape-ong.org\/index.php\/2025\/02\/28\/hey-lorem-ipsum\/#respond\">0<\/a>\n\t\t\t\t\t\t\t\t\t<\/span>\n\t\t\t\t\t\t\t\t\t\t\t\t\t\t\t\t\t\t\t\t\t<\/div>\n\t\t\t\t\t\t\t\t\t\t\t\t\t\n\t\t\t\t\t\t\t\t\n\t\t\t\t\t\t\t\t\t\t\t\t\t\t\t\t\t\t\t\t\t\t\t\t\t\t\t\t\t\t\t\t\t\t\t\t\t\t\t<p>Lorem Ipsum What is Lorem Ipsum? Lorem Ipsum&nbsp;is simply dummy text of the printing and typesetting industry. Lorem Ipsum has been the industry&rsquo;s standard dummy text ever since the 1500s, when an unknown printer took a galley of type and scrambled it to make a type specimen book. It has\u2026<\/p>\n\t\t\t\t\t\t\t\t\t\t\t\t\t\t\t\t\t\t\t\t\t\t                                                            <div class=\"btn-wraper\">\n                                    \n                                                                            <a class=\"elementskit-btn whitespace--normal\" id=\"\" href=\"https:\/\/cape-ong.org\/index.php\/2025\/02\/28\/hey-lorem-ipsum\/\">\n                                        \t                                            Lire plus                                        <\/a>\n                                                                    <\/div>\n                                                    <\/div><!-- .elementskit-post-body END -->\n                    <\/div>\n                \n            <\/div>\n                    <div class=\"col-lg-4 col-md-6\">\n\n                                    <div class=\"elementskit-post-image-card\">\n                        <div class=\"elementskit-entry-header\">\n                                                            <a href=\"https:\/\/cape-ong.org\/index.php\/2025\/02\/28\/lorem-ipsum\/\" class=\"elementskit-entry-thumb\">\n                                    <img decoding=\"async\" src=\"https:\/\/cape-ong.org\/wp-content\/uploads\/2025\/02\/displeased-black-woman-crowd-people-demonstrating-against-racism-city-streets-1024x683.jpg\" alt=\"Lorem Ipsum\">\n                                <\/a><!-- .elementskit-entry-thumb END -->\n                                                            \n                            \n\t\t\t\t\t\t\t\t\t\t\t\t\t<\/div><!-- .elementskit-entry-header END -->\n\n\t\t\t\t\t\t<div class=\"elementskit-post-body \">\n\t\t\t\t\t\t\t\t\t\t\t\t\t\t\t\t\t\t\t\t<h2 class=\"entry-title\">\n\t\t\t\t\t<a href=\"https:\/\/cape-ong.org\/index.php\/2025\/02\/28\/lorem-ipsum\/\">\n\t\t\t\t\t\tLorem Ipsum\t\t\t\t\t<\/a>\n\t\t\t\t<\/h2>\n\t\t\t\t\t\t\t\t\t\t\t\n\t\t\t\t\t\t\t\t\t\t\t\t\t\t\t\t\t\t\t\t\t\t\t\t\t\t\t\t<div class=\"post-meta-list\">\n\t\t\t\t\t\t\t\t\t\t\t\t\t\t\t\t\t\t\t\t\t\t\t\t<span class=\"meta-author\">\n\t\t\t\t\t\t\t\t\t\t\t\t\t\t\t\t\t\t\t\t\t<i aria-hidden=\"true\" class=\"icon icon-user\"><\/i>\t\t\t\t\t\t\t\t\t\t\t\t\t\t\t\t\t\t\t\t<a href=\"https:\/\/cape-ong.org\/index.php\/author\/admincape-ong\/\" class=\"author-name\">admin@cape-ong<\/a>\n\t\t\t\t\t\t\t\t\t<\/span>\n\t\t\t\t\t\t\t\t\t\t\t\t\t\t\t\t\t\t\t\t\t\t\t\t\t\t\t\t\t\t\t\t\t\t\t\t\t\t\t\t\t\t\t\t\t\t\t\t\t\t\t\t\t\t\t\t\t\t\t\t\t\t\t\t<span class=\"meta-date\">\n\t\t\t\t\t\t\t\t\t\t<i aria-hidden=\"true\" class=\"icon icon-calendar3\"><\/i>\t\t\t\t\t\t\t\t\t\t<span class=\"meta-date-text\">\n\t\t\t\t\t\t\t\t\t\t\t28 f\u00e9vrier 2025\t\t\t\t\t\t\t\t\t\t<\/span>\n\t\t\t\t\t\t\t\t\t<\/span>\n\t\t\t\t\t\t\t\t\t\t\t\t\t\t\t\t\t\t\t\t\t\t\t\t\t\t\t\t\t\t\t\t\t\t\t\t\t\t\t\t\t\t\t\t\t\t\t\t\t\t\t\t\t\t\t\t\t\t\t\t\t\t\t\t\t\t\t\t\t\t\t\t<span class=\"post-comment\">\n\t\t\t\t\t\t\t\t\t\t<i aria-hidden=\"true\" class=\"icon icon-comment\"><\/i>\t\t\t\t\t\t\t\t\t\t<a href=\"https:\/\/cape-ong.org\/index.php\/2025\/02\/28\/lorem-ipsum\/#respond\">0<\/a>\n\t\t\t\t\t\t\t\t\t<\/span>\n\t\t\t\t\t\t\t\t\t\t\t\t\t\t\t\t\t\t\t\t\t<\/div>\n\t\t\t\t\t\t\t\t\t\t\t\t\t\n\t\t\t\t\t\t\t\t\n\t\t\t\t\t\t\t\t\t\t\t\t\t\t\t\t\t\t\t\t\t\t\t\t\t\t\t\t\t\t\t\t\t\t\t\t\t\t\t<p>What is Lorem Ipsum? Lorem Ipsum&nbsp;is simply dummy text of the printing and typesetting industry. Lorem Ipsum has been the industry&rsquo;s standard dummy text ever since the 1500s, when an unknown printer took a galley of type and scrambled it to make a type specimen book. It has survived not\u2026<\/p>\n\t\t\t\t\t\t\t\t\t\t\t\t\t\t\t\t\t\t\t\t\t\t                                                            <div class=\"btn-wraper\">\n                                    \n                                                                            <a class=\"elementskit-btn whitespace--normal\" id=\"\" href=\"https:\/\/cape-ong.org\/index.php\/2025\/02\/28\/lorem-ipsum\/\">\n                                        \t                                            Lire plus                                        <\/a>\n                                                                    <\/div>\n                                                    <\/div><!-- .elementskit-post-body END -->\n                    <\/div>\n                \n            <\/div>\n                <\/div>\n       <\/div>\t\t\t\t<\/div>\n\t\t\t\t<\/div>\n\t\t\t\t\t<\/div>\n\t\t\t\t<\/div>\n\t\t\t\t<\/div>\n\t\t","protected":false},"excerpt":{"rendered":"<p>Nos \u00e9v\u00e8nements Toute notre actualit\u00e9, actions et autres \u00e9v\u00e9nements Hola Lorem Ipsum admin@cape-ong 28 f\u00e9vrier 2025 0 What is Lorem Ipsum? Lorem Ipsum&nbsp;is simply dummy text of the printing and typesetting industry. Lorem Ipsum has been the industry&rsquo;s standard dummy text ever since the 1500s, when an unknown printer took a galley of type and&#8230;<\/p>\n","protected":false},"author":1,"featured_media":0,"parent":0,"menu_order":0,"comment_status":"closed","ping_status":"closed","template":"elementor_header_footer","meta":{"_uag_custom_page_level_css":"","_kad_post_transparent":"","_kad_post_title":"","_kad_post_layout":"","_kad_post_sidebar_id":"","_kad_post_content_style":"","_kad_post_vertical_padding":"","_kad_post_feature":"","_kad_post_feature_position":"","_kad_post_header":false,"_kad_post_footer":false,"_kad_post_classname":"","footnotes":""},"class_list":["post-533","page","type-page","status-publish","hentry"],"yoast_head":"<!-- This site is optimized with the Yoast SEO plugin v24.5 - https:\/\/yoast.com\/wordpress\/plugins\/seo\/ -->\n<title>\u00c9v\u00e8nements - Cadre d&#039;Appui aux Processus \u00c9lectoraux<\/title>\n<meta name=\"robots\" content=\"index, follow, max-snippet:-1, max-image-preview:large, max-video-preview:-1\" \/>\n<link rel=\"canonical\" href=\"https:\/\/cape-ong.org\/index.php\/evenements\/\" \/>\n<meta property=\"og:locale\" content=\"fr_FR\" \/>\n<meta property=\"og:type\" content=\"article\" \/>\n<meta property=\"og:title\" content=\"\u00c9v\u00e8nements - Cadre d&#039;Appui aux Processus \u00c9lectoraux\" \/>\n<meta property=\"og:description\" content=\"Nos \u00e9v\u00e8nements Toute notre actualit\u00e9, actions et autres \u00e9v\u00e9nements Hola Lorem Ipsum admin@cape-ong 28 f\u00e9vrier 2025 0 What is Lorem Ipsum? Lorem Ipsum&nbsp;is simply dummy text of the printing and typesetting industry. Lorem Ipsum has been the industry&rsquo;s standard dummy text ever since the 1500s, when an unknown printer took a galley of type and...\" \/>\n<meta property=\"og:url\" content=\"https:\/\/cape-ong.org\/index.php\/evenements\/\" \/>\n<meta property=\"og:site_name\" content=\"Cadre d&#039;Appui aux Processus \u00c9lectoraux\" \/>\n<meta property=\"article:modified_time\" content=\"2026-04-28T13:38:23+00:00\" \/>\n<meta property=\"og:image\" content=\"https:\/\/cape-ong.org\/wp-content\/uploads\/2025\/02\/photo_2025-02-28-21.26.32-1024x683.jpeg\" \/>\n<meta name=\"twitter:card\" content=\"summary_large_image\" \/>\n<meta name=\"twitter:label1\" content=\"Dur\u00e9e de lecture estim\u00e9e\" \/>\n\t<meta name=\"twitter:data1\" content=\"3 minutes\" \/>\n<script type=\"application\/ld+json\" class=\"yoast-schema-graph\">{\"@context\":\"https:\/\/schema.org\",\"@graph\":[{\"@type\":\"WebPage\",\"@id\":\"https:\/\/cape-ong.org\/index.php\/evenements\/\",\"url\":\"https:\/\/cape-ong.org\/index.php\/evenements\/\",\"name\":\"\u00c9v\u00e8nements - Cadre d&#039;Appui aux Processus \u00c9lectoraux\",\"isPartOf\":{\"@id\":\"https:\/\/cape-ong.org\/#website\"},\"primaryImageOfPage\":{\"@id\":\"https:\/\/cape-ong.org\/index.php\/evenements\/#primaryimage\"},\"image\":{\"@id\":\"https:\/\/cape-ong.org\/index.php\/evenements\/#primaryimage\"},\"thumbnailUrl\":\"https:\/\/cape-ong.org\/wp-content\/uploads\/2025\/02\/photo_2025-02-28-21.26.32-1024x683.jpeg\",\"datePublished\":\"2026-04-27T17:42:30+00:00\",\"dateModified\":\"2026-04-28T13:38:23+00:00\",\"breadcrumb\":{\"@id\":\"https:\/\/cape-ong.org\/index.php\/evenements\/#breadcrumb\"},\"inLanguage\":\"fr-FR\",\"potentialAction\":[{\"@type\":\"ReadAction\",\"target\":[\"https:\/\/cape-ong.org\/index.php\/evenements\/\"]}]},{\"@type\":\"ImageObject\",\"inLanguage\":\"fr-FR\",\"@id\":\"https:\/\/cape-ong.org\/index.php\/evenements\/#primaryimage\",\"url\":\"https:\/\/cape-ong.org\/wp-content\/uploads\/2025\/02\/photo_2025-02-28-21.26.32-1024x683.jpeg\",\"contentUrl\":\"https:\/\/cape-ong.org\/wp-content\/uploads\/2025\/02\/photo_2025-02-28-21.26.32-1024x683.jpeg\"},{\"@type\":\"BreadcrumbList\",\"@id\":\"https:\/\/cape-ong.org\/index.php\/evenements\/#breadcrumb\",\"itemListElement\":[{\"@type\":\"ListItem\",\"position\":1,\"name\":\"Accueil\",\"item\":\"https:\/\/cape-ong.org\/\"},{\"@type\":\"ListItem\",\"position\":2,\"name\":\"\u00c9v\u00e8nements\"}]},{\"@type\":\"WebSite\",\"@id\":\"https:\/\/cape-ong.org\/#website\",\"url\":\"https:\/\/cape-ong.org\/\",\"name\":\"Cadre d&#039;Appui aux Processus \u00c9lectoraux\",\"description\":\"Bienvenue au Cadre d&#039;Appui aux Processus Electoraux\",\"publisher\":{\"@id\":\"https:\/\/cape-ong.org\/#organization\"},\"potentialAction\":[{\"@type\":\"SearchAction\",\"target\":{\"@type\":\"EntryPoint\",\"urlTemplate\":\"https:\/\/cape-ong.org\/?s={search_term_string}\"},\"query-input\":{\"@type\":\"PropertyValueSpecification\",\"valueRequired\":true,\"valueName\":\"search_term_string\"}}],\"inLanguage\":\"fr-FR\"},{\"@type\":\"Organization\",\"@id\":\"https:\/\/cape-ong.org\/#organization\",\"name\":\"Cadre d&#039;Appui aux Processus \u00c9lectoraux\",\"url\":\"https:\/\/cape-ong.org\/\",\"logo\":{\"@type\":\"ImageObject\",\"inLanguage\":\"fr-FR\",\"@id\":\"https:\/\/cape-ong.org\/#\/schema\/logo\/image\/\",\"url\":\"https:\/\/cape-ong.org\/wp-content\/uploads\/2026\/04\/cropped-logo-cape.jpeg\",\"contentUrl\":\"https:\/\/cape-ong.org\/wp-content\/uploads\/2026\/04\/cropped-logo-cape.jpeg\",\"width\":1248,\"height\":832,\"caption\":\"Cadre d&#039;Appui aux Processus \u00c9lectoraux\"},\"image\":{\"@id\":\"https:\/\/cape-ong.org\/#\/schema\/logo\/image\/\"}}]}<\/script>\n<!-- \/ Yoast SEO plugin. -->","yoast_head_json":{"title":"\u00c9v\u00e8nements - Cadre d&#039;Appui aux Processus \u00c9lectoraux","robots":{"index":"index","follow":"follow","max-snippet":"max-snippet:-1","max-image-preview":"max-image-preview:large","max-video-preview":"max-video-preview:-1"},"canonical":"https:\/\/cape-ong.org\/index.php\/evenements\/","og_locale":"fr_FR","og_type":"article","og_title":"\u00c9v\u00e8nements - Cadre d&#039;Appui aux Processus \u00c9lectoraux","og_description":"Nos \u00e9v\u00e8nements Toute notre actualit\u00e9, actions et autres \u00e9v\u00e9nements Hola Lorem Ipsum admin@cape-ong 28 f\u00e9vrier 2025 0 What is Lorem Ipsum? Lorem Ipsum&nbsp;is simply dummy text of the printing and typesetting industry. Lorem Ipsum has been the industry&rsquo;s standard dummy text ever since the 1500s, when an unknown printer took a galley of type and...","og_url":"https:\/\/cape-ong.org\/index.php\/evenements\/","og_site_name":"Cadre d&#039;Appui aux Processus \u00c9lectoraux","article_modified_time":"2026-04-28T13:38:23+00:00","og_image":[{"url":"https:\/\/cape-ong.org\/wp-content\/uploads\/2025\/02\/photo_2025-02-28-21.26.32-1024x683.jpeg","type":"","width":"","height":""}],"twitter_card":"summary_large_image","twitter_misc":{"Dur\u00e9e de lecture estim\u00e9e":"3 minutes"},"schema":{"@context":"https:\/\/schema.org","@graph":[{"@type":"WebPage","@id":"https:\/\/cape-ong.org\/index.php\/evenements\/","url":"https:\/\/cape-ong.org\/index.php\/evenements\/","name":"\u00c9v\u00e8nements - Cadre d&#039;Appui aux Processus \u00c9lectoraux","isPartOf":{"@id":"https:\/\/cape-ong.org\/#website"},"primaryImageOfPage":{"@id":"https:\/\/cape-ong.org\/index.php\/evenements\/#primaryimage"},"image":{"@id":"https:\/\/cape-ong.org\/index.php\/evenements\/#primaryimage"},"thumbnailUrl":"https:\/\/cape-ong.org\/wp-content\/uploads\/2025\/02\/photo_2025-02-28-21.26.32-1024x683.jpeg","datePublished":"2026-04-27T17:42:30+00:00","dateModified":"2026-04-28T13:38:23+00:00","breadcrumb":{"@id":"https:\/\/cape-ong.org\/index.php\/evenements\/#breadcrumb"},"inLanguage":"fr-FR","potentialAction":[{"@type":"ReadAction","target":["https:\/\/cape-ong.org\/index.php\/evenements\/"]}]},{"@type":"ImageObject","inLanguage":"fr-FR","@id":"https:\/\/cape-ong.org\/index.php\/evenements\/#primaryimage","url":"https:\/\/cape-ong.org\/wp-content\/uploads\/2025\/02\/photo_2025-02-28-21.26.32-1024x683.jpeg","contentUrl":"https:\/\/cape-ong.org\/wp-content\/uploads\/2025\/02\/photo_2025-02-28-21.26.32-1024x683.jpeg"},{"@type":"BreadcrumbList","@id":"https:\/\/cape-ong.org\/index.php\/evenements\/#breadcrumb","itemListElement":[{"@type":"ListItem","position":1,"name":"Accueil","item":"https:\/\/cape-ong.org\/"},{"@type":"ListItem","position":2,"name":"\u00c9v\u00e8nements"}]},{"@type":"WebSite","@id":"https:\/\/cape-ong.org\/#website","url":"https:\/\/cape-ong.org\/","name":"Cadre d&#039;Appui aux Processus \u00c9lectoraux","description":"Bienvenue au Cadre d&#039;Appui aux Processus Electoraux","publisher":{"@id":"https:\/\/cape-ong.org\/#organization"},"potentialAction":[{"@type":"SearchAction","target":{"@type":"EntryPoint","urlTemplate":"https:\/\/cape-ong.org\/?s={search_term_string}"},"query-input":{"@type":"PropertyValueSpecification","valueRequired":true,"valueName":"search_term_string"}}],"inLanguage":"fr-FR"},{"@type":"Organization","@id":"https:\/\/cape-ong.org\/#organization","name":"Cadre d&#039;Appui aux Processus \u00c9lectoraux","url":"https:\/\/cape-ong.org\/","logo":{"@type":"ImageObject","inLanguage":"fr-FR","@id":"https:\/\/cape-ong.org\/#\/schema\/logo\/image\/","url":"https:\/\/cape-ong.org\/wp-content\/uploads\/2026\/04\/cropped-logo-cape.jpeg","contentUrl":"https:\/\/cape-ong.org\/wp-content\/uploads\/2026\/04\/cropped-logo-cape.jpeg","width":1248,"height":832,"caption":"Cadre d&#039;Appui aux Processus \u00c9lectoraux"},"image":{"@id":"https:\/\/cape-ong.org\/#\/schema\/logo\/image\/"}}]}},"uagb_featured_image_src":{"full":false,"thumbnail":false,"medium":false,"medium_large":false,"large":false,"1536x1536":false,"2048x2048":false},"uagb_author_info":{"display_name":"admin@cape-ong","author_link":"https:\/\/cape-ong.org\/index.php\/author\/admincape-ong\/"},"uagb_comment_info":0,"uagb_excerpt":"Nos \u00e9v\u00e8nements Toute notre actualit\u00e9, actions et autres \u00e9v\u00e9nements Hola Lorem Ipsum admin@cape-ong 28 f\u00e9vrier 2025 0 What is Lorem Ipsum? Lorem Ipsum&nbsp;is simply dummy text of the printing and typesetting industry. Lorem Ipsum has been the industry&rsquo;s standard dummy text ever since the 1500s, when an unknown printer took a galley of type and...","_links":{"self":[{"href":"https:\/\/cape-ong.org\/index.php\/wp-json\/wp\/v2\/pages\/533","targetHints":{"allow":["GET"]}}],"collection":[{"href":"https:\/\/cape-ong.org\/index.php\/wp-json\/wp\/v2\/pages"}],"about":[{"href":"https:\/\/cape-ong.org\/index.php\/wp-json\/wp\/v2\/types\/page"}],"author":[{"embeddable":true,"href":"https:\/\/cape-ong.org\/index.php\/wp-json\/wp\/v2\/users\/1"}],"replies":[{"embeddable":true,"href":"https:\/\/cape-ong.org\/index.php\/wp-json\/wp\/v2\/comments?post=533"}],"version-history":[{"count":10,"href":"https:\/\/cape-ong.org\/index.php\/wp-json\/wp\/v2\/pages\/533\/revisions"}],"predecessor-version":[{"id":748,"href":"https:\/\/cape-ong.org\/index.php\/wp-json\/wp\/v2\/pages\/533\/revisions\/748"}],"wp:attachment":[{"href":"https:\/\/cape-ong.org\/index.php\/wp-json\/wp\/v2\/media?parent=533"}],"curies":[{"name":"wp","href":"https:\/\/api.w.org\/{rel}","templated":true}]}}